{"id":555,"date":"2024-05-29T13:39:22","date_gmt":"2024-05-29T11:39:22","guid":{"rendered":"http:\/\/brosmet.pl\/?post_type=product&#038;p=555"},"modified":"2024-05-29T13:39:22","modified_gmt":"2024-05-29T11:39:22","slug":"napinacz-sznurka-murarskiego-nap-1-sznurek-100-mb","status":"publish","type":"product","link":"https:\/\/brosmet.pl\/?product=napinacz-sznurka-murarskiego-nap-1-sznurek-100-mb","title":{"rendered":"Napinacz sznurka murarskiego NAP-1 + sznurek 100 mb"},"content":{"rendered":"<div class=\"mp4t_16_s mryx_16_s mr3m_1 mli2_1 mh85_56 mh85_0_l\">\n<div class=\"mgn2_16 _0d3bd_am0a-\">\n<h2>NAPINACZ SZNURKA MURARSKIEGO + 100 metr\u00f3w sznurka w kolorze \u017c\u00f3\u0142tym<\/h2>\n<p>Napinacz sznurka murarskiego s\u0142u\u017cy do utrzymania sznurka prostym i napi\u0119tym podczas wykonywania prac budowlanych, zw\u0142aszcza murarskich i brukarskich, co u\u0142atwia precyzyjne wykonywanie prac.<\/p>\n<p>Napinacz zapobiega przecinaniu sznurka przez ostre kraw\u0119dzie cegie\u0142 i bloczk\u00f3w.<\/p>\n<p>Zastosowanie uchwyt\u00f3w pozwala na rozci\u0105gni\u0119cie linki bez wbijania gwo\u017adzi co jest istotne np. przy elewacjach klinkierowych.<\/p>\n<p>Wykonany z wysokiej jako\u015bci PCV w kolorze pomara\u0144czowym.<\/p>\n<p><b>Zestaw zawiera komplet napinaczy 2 sztuki + sznurek 100 m kolor \u017c\u00f3\u0142ty<\/b><\/p>\n<\/div>\n<\/div>\n","protected":false},"excerpt":{"rendered":"<p>NAPINACZ SZNURKA MURARSKIEGO + 100 metr\u00f3w sznurka w kolorze \u017c\u00f3\u0142tym Napinacz sznurka murarskiego s\u0142u\u017cy do utrzymania sznurka prostym i napi\u0119tym podczas wykonywania prac budowlanych, zw\u0142aszcza murarskich i brukarskich, co u\u0142atwia precyzyjne wykonywanie prac. Napinacz zapobiega przecinaniu sznurka przez ostre kraw\u0119dzie cegie\u0142 i bloczk\u00f3w. Zastosowanie uchwyt\u00f3w pozwala na rozci\u0105gni\u0119cie linki bez wbijania gwo\u017adzi co jest istotne [&#8230;]\n","protected":false},"featured_media":556,"comment_status":"closed","ping_status":"closed","template":"","meta":{"_monsterinsights_skip_tracking":false,"_monsterinsights_sitenote_active":false,"_monsterinsights_sitenote_note":"","_monsterinsights_sitenote_category":0},"product_brand":[],"product_cat":[45],"product_tag":[],"class_list":{"0":"post-555","1":"product","2":"type-product","3":"status-publish","4":"has-post-thumbnail","6":"product_cat-napinacze-sznurka","8":"first","9":"instock","10":"shipping-taxable","11":"purchasable","12":"product-type-simple"},"_links":{"self":[{"href":"https:\/\/brosmet.pl\/index.php?rest_route=\/wp\/v2\/product\/555","targetHints":{"allow":["GET"]}}],"collection":[{"href":"https:\/\/brosmet.pl\/index.php?rest_route=\/wp\/v2\/product"}],"about":[{"href":"https:\/\/brosmet.pl\/index.php?rest_route=\/wp\/v2\/types\/product"}],"replies":[{"embeddable":true,"href":"https:\/\/brosmet.pl\/index.php?rest_route=%2Fwp%2Fv2%2Fcomments&post=555"}],"wp:featuredmedia":[{"embeddable":true,"href":"https:\/\/brosmet.pl\/index.php?rest_route=\/wp\/v2\/media\/556"}],"wp:attachment":[{"href":"https:\/\/brosmet.pl\/index.php?rest_route=%2Fwp%2Fv2%2Fmedia&parent=555"}],"wp:term":[{"taxonomy":"product_brand","embeddable":true,"href":"https:\/\/brosmet.pl\/index.php?rest_route=%2Fwp%2Fv2%2Fproduct_brand&post=555"},{"taxonomy":"product_cat","embeddable":true,"href":"https:\/\/brosmet.pl\/index.php?rest_route=%2Fwp%2Fv2%2Fproduct_cat&post=555"},{"taxonomy":"product_tag","embeddable":true,"href":"https:\/\/brosmet.pl\/index.php?rest_route=%2Fwp%2Fv2%2Fproduct_tag&post=555"}],"curies":[{"name":"wp","href":"https:\/\/api.w.org\/{rel}","templated":true}]}}