{"id":575,"date":"2024-05-29T13:57:49","date_gmt":"2024-05-29T11:57:49","guid":{"rendered":"http:\/\/brosmet.pl\/?post_type=product&#038;p=575"},"modified":"2024-05-29T13:57:49","modified_gmt":"2024-05-29T11:57:49","slug":"napinacz-naciag-sznurka-murarskiego-zielony-nap-3","status":"publish","type":"product","link":"https:\/\/brosmet.pl\/?product=napinacz-naciag-sznurka-murarskiego-zielony-nap-3","title":{"rendered":"Napinacz naci\u0105g sznurka murarskiego zielony NAP-3"},"content":{"rendered":"<div class=\"tab-panels\">\n<div id=\"tab-description\" class=\"woocommerce-Tabs-panel woocommerce-Tabs-panel--description panel entry-content active\" role=\"tabpanel\" aria-labelledby=\"tab-title-description\">\n<h2>Napinacz sznurka murarskiego kolor zielony NAP-3<\/h2>\n<p>Wysokiej jako\u015bci napinacz sznurka wykonany z trwa\u0142ego tworzywa, wyposa\u017cony w solidne mocowanie sznurka oraz powierzchni\u0119 z\u0105bkowan\u0105 zapewniaj\u0105c\u0105 doskona\u0142\u0105 przyczepno\u015b\u0107.<\/p>\n<p>Napinacz sznurka murarskiego s\u0142u\u017cy do utrzymania sznurka prostym i napi\u0119tym podczas wykonywania prac budowlanych, zw\u0142aszcza murarskich i brukarskich, co u\u0142atwia precyzyjne wykonywanie prac.<\/p>\n<p>Napinacz zapobiega przecinaniu sznurka przez ostre kraw\u0119dzie cegie\u0142 i bloczk\u00f3w.<\/p>\n<p>Zastosowanie uchwyt\u00f3w pozwala na rozci\u0105gni\u0119cie linki bez wbijania gwo\u017adzi co jest istotne np. przy elewacjach klinkierowych.<\/p>\n<p><b>Zestaw zawiera komplet napinaczy 2 sztuki<\/b><\/p>\n<\/div>\n<\/div>\n","protected":false},"excerpt":{"rendered":"<p>Napinacz sznurka murarskiego kolor zielony NAP-3 Wysokiej jako\u015bci napinacz sznurka wykonany z trwa\u0142ego tworzywa, wyposa\u017cony w solidne mocowanie sznurka oraz powierzchni\u0119 z\u0105bkowan\u0105 zapewniaj\u0105c\u0105 doskona\u0142\u0105 przyczepno\u015b\u0107. Napinacz sznurka murarskiego s\u0142u\u017cy do utrzymania sznurka prostym i napi\u0119tym podczas wykonywania prac budowlanych, zw\u0142aszcza murarskich i brukarskich, co u\u0142atwia precyzyjne wykonywanie prac. Napinacz zapobiega przecinaniu sznurka przez ostre kraw\u0119dzie [&#8230;]\n","protected":false},"featured_media":576,"comment_status":"closed","ping_status":"closed","template":"","meta":{"_monsterinsights_skip_tracking":false,"_monsterinsights_sitenote_active":false,"_monsterinsights_sitenote_note":"","_monsterinsights_sitenote_category":0},"product_brand":[],"product_cat":[45],"product_tag":[],"class_list":{"0":"post-575","1":"product","2":"type-product","3":"status-publish","4":"has-post-thumbnail","6":"product_cat-napinacze-sznurka","8":"first","9":"instock","10":"shipping-taxable","11":"purchasable","12":"product-type-simple"},"_links":{"self":[{"href":"https:\/\/brosmet.pl\/index.php?rest_route=\/wp\/v2\/product\/575","targetHints":{"allow":["GET"]}}],"collection":[{"href":"https:\/\/brosmet.pl\/index.php?rest_route=\/wp\/v2\/product"}],"about":[{"href":"https:\/\/brosmet.pl\/index.php?rest_route=\/wp\/v2\/types\/product"}],"replies":[{"embeddable":true,"href":"https:\/\/brosmet.pl\/index.php?rest_route=%2Fwp%2Fv2%2Fcomments&post=575"}],"wp:featuredmedia":[{"embeddable":true,"href":"https:\/\/brosmet.pl\/index.php?rest_route=\/wp\/v2\/media\/576"}],"wp:attachment":[{"href":"https:\/\/brosmet.pl\/index.php?rest_route=%2Fwp%2Fv2%2Fmedia&parent=575"}],"wp:term":[{"taxonomy":"product_brand","embeddable":true,"href":"https:\/\/brosmet.pl\/index.php?rest_route=%2Fwp%2Fv2%2Fproduct_brand&post=575"},{"taxonomy":"product_cat","embeddable":true,"href":"https:\/\/brosmet.pl\/index.php?rest_route=%2Fwp%2Fv2%2Fproduct_cat&post=575"},{"taxonomy":"product_tag","embeddable":true,"href":"https:\/\/brosmet.pl\/index.php?rest_route=%2Fwp%2Fv2%2Fproduct_tag&post=575"}],"curies":[{"name":"wp","href":"https:\/\/api.w.org\/{rel}","templated":true}]}}