{"id":599,"date":"2024-05-29T14:07:33","date_gmt":"2024-05-29T12:07:33","guid":{"rendered":"http:\/\/brosmet.pl\/?post_type=product&#038;p=599"},"modified":"2024-05-29T14:07:33","modified_gmt":"2024-05-29T12:07:33","slug":"napinacz-naciag-sznurka-murarskiego-czerwony-nap-2","status":"publish","type":"product","link":"https:\/\/brosmet.pl\/?product=napinacz-naciag-sznurka-murarskiego-czerwony-nap-2","title":{"rendered":"Napinacz naci\u0105g sznurka murarskiego czerwony NAP-2"},"content":{"rendered":"<div class=\"tab-panels\">\n<div id=\"tab-description\" class=\"woocommerce-Tabs-panel woocommerce-Tabs-panel--description panel entry-content active\" role=\"tabpanel\" aria-labelledby=\"tab-title-description\">\n<div class=\"tab-panels\">\n<div id=\"tab-description\" class=\"woocommerce-Tabs-panel woocommerce-Tabs-panel--description panel entry-content active\" role=\"tabpanel\" aria-labelledby=\"tab-title-description\">\n<div class=\"mp4t_16_s mryx_16_s mr3m_1 mli2_1 mh85_56 mh85_0_l\">\n<div class=\"mgn2_16 _0d3bd_am0a-\">\n<h2>Napinacz sznurka murarskiego kolor czerwony<\/h2>\n<p>Napinacz sznurka murarskiego s\u0142u\u017cy do utrzymania sznurka prostym i napi\u0119tym podczas wykonywania prac budowlanych, zw\u0142aszcza murarskich i brukarskich, co u\u0142atwia precyzyjne wykonywanie prac.<\/p>\n<p>Napinacz zapobiega przecinaniu sznurka przez ostre kraw\u0119dzie cegie\u0142 i bloczk\u00f3w.<\/p>\n<p>Zastosowanie uchwyt\u00f3w pozwala na rozci\u0105gni\u0119cie linki bez wbijania gwo\u017adzi co jest istotne np. przy elewacjach klinkierowych.<\/p>\n<p><b>Zestaw zawiera komplet napinaczy 2 sztuki<\/b><\/p>\n<\/div>\n<\/div>\n<\/div>\n<\/div>\n<\/div>\n<\/div>\n","protected":false},"excerpt":{"rendered":"<p>Napinacz sznurka murarskiego kolor czerwony Napinacz sznurka murarskiego s\u0142u\u017cy do utrzymania sznurka prostym i napi\u0119tym podczas wykonywania prac budowlanych, zw\u0142aszcza murarskich i brukarskich, co u\u0142atwia precyzyjne wykonywanie prac. Napinacz zapobiega przecinaniu sznurka przez ostre kraw\u0119dzie cegie\u0142 i bloczk\u00f3w. Zastosowanie uchwyt\u00f3w pozwala na rozci\u0105gni\u0119cie linki bez wbijania gwo\u017adzi co jest istotne np. przy elewacjach klinkierowych. Zestaw [&#8230;]\n","protected":false},"featured_media":582,"comment_status":"closed","ping_status":"closed","template":"","meta":{"_monsterinsights_skip_tracking":false,"_monsterinsights_sitenote_active":false,"_monsterinsights_sitenote_note":"","_monsterinsights_sitenote_category":0},"product_brand":[],"product_cat":[45],"product_tag":[],"class_list":{"0":"post-599","1":"product","2":"type-product","3":"status-publish","4":"has-post-thumbnail","6":"product_cat-napinacze-sznurka","8":"first","9":"instock","10":"shipping-taxable","11":"purchasable","12":"product-type-simple"},"_links":{"self":[{"href":"https:\/\/brosmet.pl\/index.php?rest_route=\/wp\/v2\/product\/599","targetHints":{"allow":["GET"]}}],"collection":[{"href":"https:\/\/brosmet.pl\/index.php?rest_route=\/wp\/v2\/product"}],"about":[{"href":"https:\/\/brosmet.pl\/index.php?rest_route=\/wp\/v2\/types\/product"}],"replies":[{"embeddable":true,"href":"https:\/\/brosmet.pl\/index.php?rest_route=%2Fwp%2Fv2%2Fcomments&post=599"}],"wp:featuredmedia":[{"embeddable":true,"href":"https:\/\/brosmet.pl\/index.php?rest_route=\/wp\/v2\/media\/582"}],"wp:attachment":[{"href":"https:\/\/brosmet.pl\/index.php?rest_route=%2Fwp%2Fv2%2Fmedia&parent=599"}],"wp:term":[{"taxonomy":"product_brand","embeddable":true,"href":"https:\/\/brosmet.pl\/index.php?rest_route=%2Fwp%2Fv2%2Fproduct_brand&post=599"},{"taxonomy":"product_cat","embeddable":true,"href":"https:\/\/brosmet.pl\/index.php?rest_route=%2Fwp%2Fv2%2Fproduct_cat&post=599"},{"taxonomy":"product_tag","embeddable":true,"href":"https:\/\/brosmet.pl\/index.php?rest_route=%2Fwp%2Fv2%2Fproduct_tag&post=599"}],"curies":[{"name":"wp","href":"https:\/\/api.w.org\/{rel}","templated":true}]}}