{"id":604,"date":"2024-05-29T14:14:42","date_gmt":"2024-05-29T12:14:42","guid":{"rendered":"http:\/\/brosmet.pl\/?post_type=product&#038;p=604"},"modified":"2024-10-08T20:47:27","modified_gmt":"2024-10-08T18:47:27","slug":"napinacz-regulowany-sznurka-murarskiego-brosmet-160-350-mm-pcv","status":"publish","type":"product","link":"https:\/\/brosmet.pl\/?product=napinacz-regulowany-sznurka-murarskiego-brosmet-160-350-mm-pcv","title":{"rendered":"Napinacz regulowany sznurka murarskiego BROSMET 160-350 mm PCV"},"content":{"rendered":"<div class=\"mp4t_16_s mryx_16_s mr3m_1 mli2_1 mh85_56 mh85_0_l\">\n<div class=\"mgn2_16 _0d3bd_am0a-\">\n<h2>Napinacz regulowany sznurka murarskiego BROSMET 160-350 mm<\/h2>\n<p>Napinacz sznurka jest niezast\u0105pionym narz\u0119dziem w budownictwie, szczeg\u00f3lnie podczas prac murarskich i brukarskich.<\/p>\n<p>Chroni sznurek przed przeci\u0119ciem na ostrych kraw\u0119dziach cegie\u0142 i bloczk\u00f3w.<\/p>\n<p>Wykonany z wysokiej jako\u015bci tworzywa, utrzymuje stabilno\u015b\u0107 linii, co umo\u017cliwia szybkie i r\u00f3wnomierne uk\u0142adanie kolejnych warstw blok\u00f3w lub cegie\u0142.<\/p>\n<p>Jest to bardzo przydatny element na ka\u017cdej budowie.<\/p>\n<p><b>Zestaw zawiera:<\/b><\/p>\n<p><b>\u2705<\/b> Komplet napinaczy 2 szt.<\/p>\n<\/div>\n<\/div>\n","protected":false},"excerpt":{"rendered":"<p>Napinacz regulowany sznurka murarskiego BROSMET 160-350 mm Napinacz sznurka jest niezast\u0105pionym narz\u0119dziem w budownictwie, szczeg\u00f3lnie podczas prac murarskich i brukarskich. Chroni sznurek przed przeci\u0119ciem na ostrych kraw\u0119dziach cegie\u0142 i bloczk\u00f3w. Wykonany z wysokiej jako\u015bci tworzywa, utrzymuje stabilno\u015b\u0107 linii, co umo\u017cliwia szybkie i r\u00f3wnomierne uk\u0142adanie kolejnych warstw blok\u00f3w lub cegie\u0142. Jest to bardzo przydatny element na [&#8230;]\n","protected":false},"featured_media":607,"comment_status":"closed","ping_status":"closed","template":"","meta":{"_monsterinsights_skip_tracking":false,"_monsterinsights_sitenote_active":false,"_monsterinsights_sitenote_note":"","_monsterinsights_sitenote_category":0},"product_brand":[],"product_cat":[45],"product_tag":[],"class_list":{"0":"post-604","1":"product","2":"type-product","3":"status-publish","4":"has-post-thumbnail","6":"product_cat-napinacze-sznurka","8":"first","9":"instock","10":"shipping-taxable","11":"purchasable","12":"product-type-simple"},"_links":{"self":[{"href":"https:\/\/brosmet.pl\/index.php?rest_route=\/wp\/v2\/product\/604","targetHints":{"allow":["GET"]}}],"collection":[{"href":"https:\/\/brosmet.pl\/index.php?rest_route=\/wp\/v2\/product"}],"about":[{"href":"https:\/\/brosmet.pl\/index.php?rest_route=\/wp\/v2\/types\/product"}],"replies":[{"embeddable":true,"href":"https:\/\/brosmet.pl\/index.php?rest_route=%2Fwp%2Fv2%2Fcomments&post=604"}],"wp:featuredmedia":[{"embeddable":true,"href":"https:\/\/brosmet.pl\/index.php?rest_route=\/wp\/v2\/media\/607"}],"wp:attachment":[{"href":"https:\/\/brosmet.pl\/index.php?rest_route=%2Fwp%2Fv2%2Fmedia&parent=604"}],"wp:term":[{"taxonomy":"product_brand","embeddable":true,"href":"https:\/\/brosmet.pl\/index.php?rest_route=%2Fwp%2Fv2%2Fproduct_brand&post=604"},{"taxonomy":"product_cat","embeddable":true,"href":"https:\/\/brosmet.pl\/index.php?rest_route=%2Fwp%2Fv2%2Fproduct_cat&post=604"},{"taxonomy":"product_tag","embeddable":true,"href":"https:\/\/brosmet.pl\/index.php?rest_route=%2Fwp%2Fv2%2Fproduct_tag&post=604"}],"curies":[{"name":"wp","href":"https:\/\/api.w.org\/{rel}","templated":true}]}}