{"id":629,"date":"2024-05-29T14:57:24","date_gmt":"2024-05-29T12:57:24","guid":{"rendered":"http:\/\/brosmet.pl\/?post_type=product&#038;p=629"},"modified":"2024-10-08T20:33:39","modified_gmt":"2024-10-08T18:33:39","slug":"rozwijacz-do-papy-rp-2","status":"publish","type":"product","link":"https:\/\/brosmet.pl\/?product=rozwijacz-do-papy-rp-2","title":{"rendered":"Rozwijacz do papy RP-2, L-118 cm"},"content":{"rendered":"<div class=\"mp4t_16_s mryx_16_s mr3m_1 mli2_1 mh85_56 mh85_0_l\">\n<div class=\"mgn2_16 _0d3bd_am0a-\">\n<p><b>Rozwijacz do papy model RP-2<\/b><\/p>\n<p>\u0141atwe w u\u017cyciu narz\u0119dzie do rozprowadzania papy termozgrzewalnej. Wykonane z wytrzyma\u0142ego stopu aluminium dzi\u0119ki czemu jest ultra lekki, gwarantuj\u0105c niezawodno\u015b\u0107 i odporno\u015b\u0107 na uszkodzenia.<\/p>\n<ul>\n<li>wykonany z rury aluminiowej<\/li>\n<li>d\u0142ugo\u015b\u0107 ca\u0142kowita 118 cm<\/li>\n<li>waga 0,5 kg<\/li>\n<\/ul>\n<\/div>\n<\/div>\n","protected":false},"excerpt":{"rendered":"<p>Rozwijacz do papy model RP-2 \u0141atwe w u\u017cyciu narz\u0119dzie do rozprowadzania papy termozgrzewalnej. Wykonane z wytrzyma\u0142ego stopu aluminium dzi\u0119ki czemu jest ultra lekki, gwarantuj\u0105c niezawodno\u015b\u0107 i odporno\u015b\u0107 na uszkodzenia. wykonany z rury aluminiowej d\u0142ugo\u015b\u0107 ca\u0142kowita 118 cm waga 0,5 kg<\/p>\n","protected":false},"featured_media":820,"comment_status":"closed","ping_status":"closed","template":"","meta":{"_monsterinsights_skip_tracking":false,"_monsterinsights_sitenote_active":false,"_monsterinsights_sitenote_note":"","_monsterinsights_sitenote_category":0},"product_brand":[],"product_cat":[42],"product_tag":[],"class_list":{"0":"post-629","1":"product","2":"type-product","3":"status-publish","4":"has-post-thumbnail","6":"product_cat-rozwijacz-do-papy","8":"first","9":"instock","10":"shipping-taxable","11":"purchasable","12":"product-type-simple"},"_links":{"self":[{"href":"https:\/\/brosmet.pl\/index.php?rest_route=\/wp\/v2\/product\/629","targetHints":{"allow":["GET"]}}],"collection":[{"href":"https:\/\/brosmet.pl\/index.php?rest_route=\/wp\/v2\/product"}],"about":[{"href":"https:\/\/brosmet.pl\/index.php?rest_route=\/wp\/v2\/types\/product"}],"replies":[{"embeddable":true,"href":"https:\/\/brosmet.pl\/index.php?rest_route=%2Fwp%2Fv2%2Fcomments&post=629"}],"wp:featuredmedia":[{"embeddable":true,"href":"https:\/\/brosmet.pl\/index.php?rest_route=\/wp\/v2\/media\/820"}],"wp:attachment":[{"href":"https:\/\/brosmet.pl\/index.php?rest_route=%2Fwp%2Fv2%2Fmedia&parent=629"}],"wp:term":[{"taxonomy":"product_brand","embeddable":true,"href":"https:\/\/brosmet.pl\/index.php?rest_route=%2Fwp%2Fv2%2Fproduct_brand&post=629"},{"taxonomy":"product_cat","embeddable":true,"href":"https:\/\/brosmet.pl\/index.php?rest_route=%2Fwp%2Fv2%2Fproduct_cat&post=629"},{"taxonomy":"product_tag","embeddable":true,"href":"https:\/\/brosmet.pl\/index.php?rest_route=%2Fwp%2Fv2%2Fproduct_tag&post=629"}],"curies":[{"name":"wp","href":"https:\/\/api.w.org\/{rel}","templated":true}]}}