{"id":646,"date":"2024-05-29T15:12:18","date_gmt":"2024-05-29T13:12:18","guid":{"rendered":"http:\/\/brosmet.pl\/?post_type=product&#038;p=646"},"modified":"2024-05-29T15:12:18","modified_gmt":"2024-05-29T13:12:18","slug":"klucz-do-giecia-pretow-zbrojenia-drutu-12-16-kgr-1","status":"publish","type":"product","link":"https:\/\/brosmet.pl\/?product=klucz-do-giecia-pretow-zbrojenia-drutu-12-16-kgr-1","title":{"rendered":"Klucz do gi\u0119cia pr\u0119t\u00f3w zbrojenia drutu 12\/16 KGR-1"},"content":{"rendered":"<div class=\"mpof_ki myre_zn myre_8v_l m389_6m_l\">\n<div class=\"mp4t_16_s mryx_16_s mr3m_1 mli2_1 mh85_56 mh85_0_l\">\n<div class=\"mgn2_16 _0d3bd_am0a-\">\n<h2>Uniwersalny klucz do gi\u0119cia pr\u0119t\u00f3w zbrojenia drutu<\/h2>\n<p><b>Model KGR-1, 12\/16 mm, DWUSTRONNE GI\u0118CIE<\/b><\/p>\n<ul>\n<li>gi\u0119cie pr\u0119t\u00f3w zbrojeniowych do \u00d8 16 w g\u0142\u00f3wce i w tulei<\/li>\n<li>dwustronne gi\u0119cie pr\u0119t\u00f3w o \u015brednicach 14\/16 mm<\/li>\n<li>g\u0142\u00f3wka wykonana jest ze stali o podwy\u017cszonej wytrzyma\u0142o\u015bci<\/li>\n<li>uchwyt wykonany jest z grubo\u015bciennej rury<\/li>\n<li>ca\u0142kowita d\u0142ugo\u015b\u0107 klucza 84 cm<\/li>\n<li>lakierowany metod\u0105 proszkow\u0105<\/li>\n<li>waga 3 kg<\/li>\n<\/ul>\n<\/div>\n<\/div>\n<\/div>\n","protected":false},"excerpt":{"rendered":"<p>Uniwersalny klucz do gi\u0119cia pr\u0119t\u00f3w zbrojenia drutu Model KGR-1, 12\/16 mm, DWUSTRONNE GI\u0118CIE gi\u0119cie pr\u0119t\u00f3w zbrojeniowych do \u00d8 16 w g\u0142\u00f3wce i w tulei dwustronne gi\u0119cie pr\u0119t\u00f3w o \u015brednicach 14\/16 mm g\u0142\u00f3wka wykonana jest ze stali o podwy\u017cszonej wytrzyma\u0142o\u015bci uchwyt wykonany jest z grubo\u015bciennej rury ca\u0142kowita d\u0142ugo\u015b\u0107 klucza 84 cm lakierowany metod\u0105 proszkow\u0105 waga 3 [&#8230;]\n","protected":false},"featured_media":649,"comment_status":"closed","ping_status":"closed","template":"","meta":{"_monsterinsights_skip_tracking":false,"_monsterinsights_sitenote_active":false,"_monsterinsights_sitenote_note":"","_monsterinsights_sitenote_category":0},"product_brand":[],"product_cat":[37],"product_tag":[],"class_list":{"0":"post-646","1":"product","2":"type-product","3":"status-publish","4":"has-post-thumbnail","6":"product_cat-klucze-do-giecia-klucze-do-giecia","8":"first","9":"instock","10":"shipping-taxable","11":"purchasable","12":"product-type-simple"},"_links":{"self":[{"href":"https:\/\/brosmet.pl\/index.php?rest_route=\/wp\/v2\/product\/646","targetHints":{"allow":["GET"]}}],"collection":[{"href":"https:\/\/brosmet.pl\/index.php?rest_route=\/wp\/v2\/product"}],"about":[{"href":"https:\/\/brosmet.pl\/index.php?rest_route=\/wp\/v2\/types\/product"}],"replies":[{"embeddable":true,"href":"https:\/\/brosmet.pl\/index.php?rest_route=%2Fwp%2Fv2%2Fcomments&post=646"}],"wp:featuredmedia":[{"embeddable":true,"href":"https:\/\/brosmet.pl\/index.php?rest_route=\/wp\/v2\/media\/649"}],"wp:attachment":[{"href":"https:\/\/brosmet.pl\/index.php?rest_route=%2Fwp%2Fv2%2Fmedia&parent=646"}],"wp:term":[{"taxonomy":"product_brand","embeddable":true,"href":"https:\/\/brosmet.pl\/index.php?rest_route=%2Fwp%2Fv2%2Fproduct_brand&post=646"},{"taxonomy":"product_cat","embeddable":true,"href":"https:\/\/brosmet.pl\/index.php?rest_route=%2Fwp%2Fv2%2Fproduct_cat&post=646"},{"taxonomy":"product_tag","embeddable":true,"href":"https:\/\/brosmet.pl\/index.php?rest_route=%2Fwp%2Fv2%2Fproduct_tag&post=646"}],"curies":[{"name":"wp","href":"https:\/\/api.w.org\/{rel}","templated":true}]}}