{"id":673,"date":"2024-05-29T15:55:44","date_gmt":"2024-05-29T13:55:44","guid":{"rendered":"http:\/\/brosmet.pl\/?post_type=product&#038;p=673"},"modified":"2024-05-29T15:55:44","modified_gmt":"2024-05-29T13:55:44","slug":"walek-rolka-dociskowa-do-papy-epdm-membran-rdp-1","status":"publish","type":"product","link":"https:\/\/brosmet.pl\/?product=walek-rolka-dociskowa-do-papy-epdm-membran-rdp-1","title":{"rendered":"Wa\u0142ek rolka dociskowa do papy epdm membran RDP-1"},"content":{"rendered":"<p><b>Uniwersalny wa\u0142ek dociskowy do membran, EPDM, papy, plandek, folii, wyk\u0142adzin i innych materia\u0142\u00f3w.<\/b><\/p>\n<p><b>Model RDP-1<br \/>\n<\/b><\/p>\n<p><b>\u2705<\/b> stabilny metalowy uchwyt<\/p>\n<p><b>\u2705<\/b> dwustronnie \u0142o\u017cyskowany<\/p>\n<p><b>\u2705<\/b> poliamidowa nieprzywieraj\u0105ca rolka<\/p>\n<p><b>\u2705<\/b> ergonomiczna r\u0119koje\u015b\u0107<\/p>\n<p><b>\u2705<\/b> szeroko\u015b\u0107 rolki 60 mm<\/p>\n<p><b>\u2705<\/b> \u015brednica rolki 50 mm<\/p>\n<p><b>\u2705<\/b> d\u0142ugo\u015b\u0107 ca\u0142kowita 22 cm<\/p>\n<p><b>\u2705 <\/b>waga 0,6 kg<\/p>\n","protected":false},"excerpt":{"rendered":"<p>Uniwersalny wa\u0142ek dociskowy do membran, EPDM, papy, plandek, folii, wyk\u0142adzin i innych materia\u0142\u00f3w. Model RDP-1 \u2705 stabilny metalowy uchwyt \u2705 dwustronnie \u0142o\u017cyskowany \u2705 poliamidowa nieprzywieraj\u0105ca rolka \u2705 ergonomiczna r\u0119koje\u015b\u0107 \u2705 szeroko\u015b\u0107 rolki 60 mm \u2705 \u015brednica rolki 50 mm \u2705 d\u0142ugo\u015b\u0107 ca\u0142kowita 22 cm \u2705 waga 0,6 kg<\/p>\n","protected":false},"featured_media":674,"comment_status":"closed","ping_status":"closed","template":"","meta":{"_monsterinsights_skip_tracking":false,"_monsterinsights_sitenote_active":false,"_monsterinsights_sitenote_note":"","_monsterinsights_sitenote_category":0},"product_brand":[],"product_cat":[41],"product_tag":[],"class_list":{"0":"post-673","1":"product","2":"type-product","3":"status-publish","4":"has-post-thumbnail","6":"product_cat-walki-dociskowe-do-papy","8":"first","9":"instock","10":"shipping-taxable","11":"purchasable","12":"product-type-simple"},"_links":{"self":[{"href":"https:\/\/brosmet.pl\/index.php?rest_route=\/wp\/v2\/product\/673","targetHints":{"allow":["GET"]}}],"collection":[{"href":"https:\/\/brosmet.pl\/index.php?rest_route=\/wp\/v2\/product"}],"about":[{"href":"https:\/\/brosmet.pl\/index.php?rest_route=\/wp\/v2\/types\/product"}],"replies":[{"embeddable":true,"href":"https:\/\/brosmet.pl\/index.php?rest_route=%2Fwp%2Fv2%2Fcomments&post=673"}],"wp:featuredmedia":[{"embeddable":true,"href":"https:\/\/brosmet.pl\/index.php?rest_route=\/wp\/v2\/media\/674"}],"wp:attachment":[{"href":"https:\/\/brosmet.pl\/index.php?rest_route=%2Fwp%2Fv2%2Fmedia&parent=673"}],"wp:term":[{"taxonomy":"product_brand","embeddable":true,"href":"https:\/\/brosmet.pl\/index.php?rest_route=%2Fwp%2Fv2%2Fproduct_brand&post=673"},{"taxonomy":"product_cat","embeddable":true,"href":"https:\/\/brosmet.pl\/index.php?rest_route=%2Fwp%2Fv2%2Fproduct_cat&post=673"},{"taxonomy":"product_tag","embeddable":true,"href":"https:\/\/brosmet.pl\/index.php?rest_route=%2Fwp%2Fv2%2Fproduct_tag&post=673"}],"curies":[{"name":"wp","href":"https:\/\/api.w.org\/{rel}","templated":true}]}}