{"id":685,"date":"2024-05-29T16:03:03","date_gmt":"2024-05-29T14:03:03","guid":{"rendered":"http:\/\/brosmet.pl\/?post_type=product&#038;p=685"},"modified":"2024-05-29T16:03:03","modified_gmt":"2024-05-29T14:03:03","slug":"walek-rolka-dociskowa-do-papy-epdm-membran-rdp-3p","status":"publish","type":"product","link":"https:\/\/brosmet.pl\/?product=walek-rolka-dociskowa-do-papy-epdm-membran-rdp-3p","title":{"rendered":"Wa\u0142ek rolka dociskowa do papy epdm membran RDP-3+P"},"content":{"rendered":"<div class=\"mp4t_16_s mryx_16_s mr3m_1 mli2_1 mh85_56 mh85_0_l\">\n<div class=\"mgn2_16 _0d3bd_am0a-\">\n<p><b>Uniwersalny wa\u0142ek dociskowy do membran, EPDM, papy, plandek, folii, wyk\u0142adzin i innych materia\u0142\u00f3w.<\/b><\/p>\n<p><b>Model RDP-3+Przed\u0142u\u017cka 78 cm<br \/>\n<\/b><\/p>\n<p><b>\u2705<\/b> stabilny metalowy uchwyt<\/p>\n<p><b>\u2705<\/b> dwustronnie \u0142o\u017cyskowany<\/p>\n<p><b>\u2705<\/b> poliamidowa nieprzywieraj\u0105ca rolka<\/p>\n<p><b>\u2705<\/b> ergonomiczna r\u0119koje\u015b\u0107<\/p>\n<p><b>\u2705<\/b> szeroko\u015b\u0107 rolki 100 mm<\/p>\n<p><b>\u2705<\/b> \u015brednica rolki 50 mm<\/p>\n<p><b>\u2705<\/b> d\u0142ugo\u015b\u0107 ca\u0142kowita z przed\u0142u\u017ck\u0105 100 cm<\/p>\n<p><b>\u2705<\/b> d\u0142ugo\u015b\u0107 przed\u0142u\u017cki 78 cm<\/p>\n<p><b>\u2705 <\/b>waga 1,2 kg<\/p>\n<\/div>\n<\/div>\n","protected":false},"excerpt":{"rendered":"<p>Uniwersalny wa\u0142ek dociskowy do membran, EPDM, papy, plandek, folii, wyk\u0142adzin i innych materia\u0142\u00f3w. Model RDP-3+Przed\u0142u\u017cka 78 cm \u2705 stabilny metalowy uchwyt \u2705 dwustronnie \u0142o\u017cyskowany \u2705 poliamidowa nieprzywieraj\u0105ca rolka \u2705 ergonomiczna r\u0119koje\u015b\u0107 \u2705 szeroko\u015b\u0107 rolki 100 mm \u2705 \u015brednica rolki 50 mm \u2705 d\u0142ugo\u015b\u0107 ca\u0142kowita z przed\u0142u\u017ck\u0105 100 cm \u2705 d\u0142ugo\u015b\u0107 przed\u0142u\u017cki 78 cm \u2705 waga [&#8230;]\n","protected":false},"featured_media":682,"comment_status":"closed","ping_status":"closed","template":"","meta":{"_monsterinsights_skip_tracking":false,"_monsterinsights_sitenote_active":false,"_monsterinsights_sitenote_note":"","_monsterinsights_sitenote_category":0},"product_brand":[],"product_cat":[41],"product_tag":[],"class_list":{"0":"post-685","1":"product","2":"type-product","3":"status-publish","4":"has-post-thumbnail","6":"product_cat-walki-dociskowe-do-papy","8":"first","9":"instock","10":"shipping-taxable","11":"purchasable","12":"product-type-simple"},"_links":{"self":[{"href":"https:\/\/brosmet.pl\/index.php?rest_route=\/wp\/v2\/product\/685","targetHints":{"allow":["GET"]}}],"collection":[{"href":"https:\/\/brosmet.pl\/index.php?rest_route=\/wp\/v2\/product"}],"about":[{"href":"https:\/\/brosmet.pl\/index.php?rest_route=\/wp\/v2\/types\/product"}],"replies":[{"embeddable":true,"href":"https:\/\/brosmet.pl\/index.php?rest_route=%2Fwp%2Fv2%2Fcomments&post=685"}],"wp:featuredmedia":[{"embeddable":true,"href":"https:\/\/brosmet.pl\/index.php?rest_route=\/wp\/v2\/media\/682"}],"wp:attachment":[{"href":"https:\/\/brosmet.pl\/index.php?rest_route=%2Fwp%2Fv2%2Fmedia&parent=685"}],"wp:term":[{"taxonomy":"product_brand","embeddable":true,"href":"https:\/\/brosmet.pl\/index.php?rest_route=%2Fwp%2Fv2%2Fproduct_brand&post=685"},{"taxonomy":"product_cat","embeddable":true,"href":"https:\/\/brosmet.pl\/index.php?rest_route=%2Fwp%2Fv2%2Fproduct_cat&post=685"},{"taxonomy":"product_tag","embeddable":true,"href":"https:\/\/brosmet.pl\/index.php?rest_route=%2Fwp%2Fv2%2Fproduct_tag&post=685"}],"curies":[{"name":"wp","href":"https:\/\/api.w.org\/{rel}","templated":true}]}}